{"id":553,"date":"2019-05-07T08:09:25","date_gmt":"2019-05-07T08:09:25","guid":{"rendered":"https:\/\/www.calarderiu.com\/?page_id=553"},"modified":"2019-05-08T12:09:24","modified_gmt":"2019-05-08T12:09:24","slug":"nouvelles","status":"publish","type":"page","link":"https:\/\/www.calarderiu.com\/fr\/nouvelles\/","title":{"rendered":"Nouvelles"},"content":{"rendered":"\n<style type=\"text\/css\" data-created_by=\"avia_inline_auto\" id=\"style-css-av-ju0ysre5-eaa7a5563c306a8b9d414e3db803693c\">\n.avia-section.av-ju0ysre5-eaa7a5563c306a8b9d414e3db803693c .av-parallax .av-parallax-inner{\nbackground-repeat:no-repeat;\nbackground-image:url(https:\/\/www.calarderiu.com\/wp-content\/uploads\/2019\/04\/cal-arderiu-turisme-rural-02.jpg);\nbackground-position:50% 50%;\nbackground-attachment:scroll;\n}\n<\/style>\n<div id='av_section_1'  class='avia-section av-ju0ysre5-eaa7a5563c306a8b9d414e3db803693c main_color avia-section-default avia-no-border-styling  avia-builder-el-0  el_before_av_section  avia-builder-el-first  avia-full-stretch av-parallax-section avia-bg-style-parallax av-minimum-height av-minimum-height-25 av-height-25  container_wrap fullsize'  data-section-bg-repeat='stretch' data-av_minimum_height_pc='25' data-av_min_height_opt='25'><div class='av-parallax' data-avia-parallax-ratio='0.3' ><div class='av-parallax-inner main_color avia-full-stretch'><\/div><\/div><div class='container av-section-cont-open' ><main  role=\"main\" itemprop=\"mainContentOfPage\"  class='template-page content  av-content-full alpha units'><div class='post-entry post-entry-type-page post-entry-553'><div class='entry-content-wrapper clearfix'>\n<\/div><\/div><\/main><!-- close content main element --><\/div><\/div>\n<style type=\"text\/css\" data-created_by=\"avia_inline_auto\" id=\"style-css-av-jtzt2amc-eb8dfa3ce8af69eff4ba1be08074bb7e\">\n.avia-section.av-jtzt2amc-eb8dfa3ce8af69eff4ba1be08074bb7e{\nbackground-color:#fafafa;\nbackground-image:unset;\n}\n<\/style>\n<div id='av_section_2'  class='avia-section av-jtzt2amc-eb8dfa3ce8af69eff4ba1be08074bb7e main_color avia-section-default avia-no-border-styling  avia-builder-el-1  el_after_av_section  avia-builder-el-last  avia-bg-style-scroll container_wrap fullsize'  ><div class='container av-section-cont-open' ><div class='template-page content  av-content-full alpha units'><div class='post-entry post-entry-type-page post-entry-553'><div class='entry-content-wrapper clearfix'>\n\n<style type=\"text\/css\" data-created_by=\"avia_inline_auto\" id=\"style-css-av-av_heading-64b5ea25b99a0f081f876df9362299ca\">\n#top .av-special-heading.av-av_heading-64b5ea25b99a0f081f876df9362299ca{\npadding-bottom:10px;\n}\nbody .av-special-heading.av-av_heading-64b5ea25b99a0f081f876df9362299ca .av-special-heading-tag .heading-char{\nfont-size:25px;\n}\n.av-special-heading.av-av_heading-64b5ea25b99a0f081f876df9362299ca .av-subheading{\nfont-size:15px;\n}\n<\/style>\n<div  class='av-special-heading av-av_heading-64b5ea25b99a0f081f876df9362299ca av-special-heading-h1 blockquote modern-quote  avia-builder-el-2  el_before_av_blog  avia-builder-el-first '><h1 class='av-special-heading-tag '  itemprop=\"headline\"  >Nouvelles<\/h1><div class=\"special-heading-border\"><div class=\"special-heading-inner-border\"><\/div><\/div><\/div>\n<div  data-slideshow-options=\"{&quot;animation&quot;:&quot;fade&quot;,&quot;autoplay&quot;:false,&quot;loop_autoplay&quot;:&quot;once&quot;,&quot;interval&quot;:5,&quot;loop_manual&quot;:&quot;manual-endless&quot;,&quot;autoplay_stopper&quot;:false,&quot;noNavigation&quot;:false,&quot;show_slide_delay&quot;:90}\" class='avia-content-slider avia-content-grid-active avia-content-slider1 avia-content-slider-odd  avia-builder-el-3  el_after_av_heading  avia-builder-el-last  av-slideshow-ui av-control-default   av-no-slider-navigation av-slideshow-manual av-loop-once av-loop-manual-endless '  itemscope=\"itemscope\" itemtype=\"https:\/\/schema.org\/Blog\" ><div class=\"avia-content-slider-inner\"><div class=\"slide-entry-wrap\"><article class='slide-entry flex_column  post-entry post-entry-1001 slide-entry-overview slide-loop-1 slide-parity-odd  av_one_third first real-thumbnail posttype-post post-format-standard'  itemscope=\"itemscope\" itemtype=\"https:\/\/schema.org\/CreativeWork\" ><a href='https:\/\/www.calarderiu.com\/fr\/randonne-populaire\/' data-rel='slide-1' class='slide-image' title='RANDONN\u00c9 POPULAIRE'><img decoding=\"async\" fetchpriority=\"high\" width=\"845\" height=\"321\" src=\"https:\/\/www.calarderiu.com\/wp-content\/uploads\/2019\/07\/WhatsApp-Image-2019-07-17-at-16.53.13-845x321.jpeg\" class=\"wp-image-936 avia-img-lazy-loading-not-936 attachment-entry_with_sidebar size-entry_with_sidebar wp-post-image\" alt=\"caminada Pedraforca\" \/><\/a><div class=\"slide-content\"><header class=\"entry-content-header\" aria-label=\"Slide: RANDONN\u00c9 POPULAIRE\"><h3 class='slide-entry-title entry-title '  itemprop=\"headline\" ><a href='https:\/\/www.calarderiu.com\/fr\/randonne-populaire\/' title='RANDONN\u00c9 POPULAIRE'>RANDONN\u00c9 POPULAIRE<\/a><\/h3><span class=\"blog-categories minor-meta\"><a href=\"https:\/\/www.calarderiu.com\/fr\/category\/noticies-fr\/\" rel=\"tag\">Not\u00edcies<\/a> <\/span><span class=\"av-vertical-delimiter\"><\/span><\/header><div class='slide-entry-excerpt entry-content'  itemprop=\"text\" >Nous avons d\u00e9j\u00e0 l'\u00e9dition XVI de la populaire randonn\u00e9 de Sant Juli\u00e0 de Cerdanyola. R\u00e9servez le 28 juillet pour passer une matin\u00e9e de luxe dans un cadre privil\u00e9gi\u00e9.<\/div><\/div><footer class=\"entry-footer\"><div class=\"slide-meta\"><time class='slide-meta-time updated'  itemprop=\"datePublished\" datetime=\"2019-07-25T17:37:36+00:00\" >25 de juillet de 2019<\/time><\/div><\/footer><span class='hidden'>\n\t\t\t\t<span class='av-structured-data'  itemprop=\"image\" itemscope=\"itemscope\" itemtype=\"https:\/\/schema.org\/ImageObject\" >\n\t\t\t\t\t\t<span itemprop='url'>https:\/\/www.calarderiu.com\/wp-content\/uploads\/2019\/07\/WhatsApp-Image-2019-07-17-at-16.53.13.jpeg<\/span>\n\t\t\t\t\t\t<span itemprop='height'>1200<\/span>\n\t\t\t\t\t\t<span itemprop='width'>1600<\/span>\n\t\t\t\t<\/span>\n\t\t\t\t<span class='av-structured-data'  itemprop=\"publisher\" itemtype=\"https:\/\/schema.org\/Organization\" itemscope=\"itemscope\" >\n\t\t\t\t\t\t<span itemprop='name'>Cal Arderiu<\/span>\n\t\t\t\t\t\t<span itemprop='logo' itemscope itemtype='https:\/\/schema.org\/ImageObject'>\n\t\t\t\t\t\t\t<span itemprop='url'>https:\/\/www.calarderiu.com\/wp-content\/uploads\/2019\/04\/logo-2-300x84.png<\/span>\n\t\t\t\t\t\t<\/span>\n\t\t\t\t<\/span><span class='av-structured-data'  itemprop=\"author\" itemscope=\"itemscope\" itemtype=\"https:\/\/schema.org\/Person\" ><span itemprop='name'>Cal Arderiu<\/span><\/span><span class='av-structured-data'  itemprop=\"datePublished\" datetime=\"2019-05-07T08:09:25+00:00\" >2019-07-25 17:37:36<\/span><span class='av-structured-data'  itemprop=\"dateModified\" itemtype=\"https:\/\/schema.org\/dateModified\" >2019-07-25 17:37:36<\/span><span class='av-structured-data'  itemprop=\"mainEntityOfPage\" itemtype=\"https:\/\/schema.org\/mainEntityOfPage\" ><span itemprop='name'>RANDONN\u00c9 POPULAIRE<\/span><\/span><\/span><\/article><article class='slide-entry flex_column  post-entry post-entry-748 slide-entry-overview slide-loop-2 slide-parity-even  post-entry-last  av_one_third  real-thumbnail posttype-post post-format-standard'  itemscope=\"itemscope\" itemtype=\"https:\/\/schema.org\/CreativeWork\" ><a href='https:\/\/www.calarderiu.com\/fr\/gran-cadi-challenge\/' data-rel='slide-1' class='slide-image' title='GRAN CAD\u00cd CHALLENGE'><img decoding=\"async\" fetchpriority=\"high\" width=\"845\" height=\"321\" src=\"https:\/\/www.calarderiu.com\/wp-content\/uploads\/2019\/05\/WhatsApp-Image-2019-05-20-at-16.23.52-1-845x321.jpeg\" class=\"wp-image-773 avia-img-lazy-loading-not-773 attachment-entry_with_sidebar size-entry_with_sidebar wp-post-image\" alt=\"prat de cad\u00ed\" \/><\/a><div class=\"slide-content\"><header class=\"entry-content-header\" aria-label=\"Slide: GRAN CAD\u00cd CHALLENGE\"><h3 class='slide-entry-title entry-title '  itemprop=\"headline\" ><a href='https:\/\/www.calarderiu.com\/fr\/gran-cadi-challenge\/' title='GRAN CAD\u00cd CHALLENGE'>GRAN CAD\u00cd CHALLENGE<\/a><\/h3><span class=\"blog-categories minor-meta\"><a href=\"https:\/\/www.calarderiu.com\/fr\/category\/noticies-fr\/\" rel=\"tag\">Not\u00edcies<\/a> <\/span><span class=\"av-vertical-delimiter\"><\/span><\/header><div class='slide-entry-excerpt entry-content'  itemprop=\"text\" >Le tour cyclotouriste du parc naturel du Cad\u00ed Moixer\u00f3 est arriv\u00e9, n\u2019y manquez pas ! R\u00e9servez votre week-end du 8 et 9 juin pour profiter du Gran Cadi Challenge.<\/div><\/div><footer class=\"entry-footer\"><div class=\"slide-meta\"><time class='slide-meta-time updated'  itemprop=\"datePublished\" datetime=\"2019-05-20T10:55:21+00:00\" >20 de mai de 2019<\/time><\/div><\/footer><span class='hidden'>\n\t\t\t\t<span class='av-structured-data'  itemprop=\"image\" itemscope=\"itemscope\" itemtype=\"https:\/\/schema.org\/ImageObject\" >\n\t\t\t\t\t\t<span itemprop='url'>https:\/\/www.calarderiu.com\/wp-content\/uploads\/2019\/05\/WhatsApp-Image-2019-05-20-at-16.23.52-1.jpeg<\/span>\n\t\t\t\t\t\t<span itemprop='height'>1200<\/span>\n\t\t\t\t\t\t<span itemprop='width'>1599<\/span>\n\t\t\t\t<\/span>\n\t\t\t\t<span class='av-structured-data'  itemprop=\"publisher\" itemtype=\"https:\/\/schema.org\/Organization\" itemscope=\"itemscope\" >\n\t\t\t\t\t\t<span itemprop='name'>Cal Arderiu<\/span>\n\t\t\t\t\t\t<span itemprop='logo' itemscope itemtype='https:\/\/schema.org\/ImageObject'>\n\t\t\t\t\t\t\t<span itemprop='url'>https:\/\/www.calarderiu.com\/wp-content\/uploads\/2019\/04\/logo-2-300x84.png<\/span>\n\t\t\t\t\t\t<\/span>\n\t\t\t\t<\/span><span class='av-structured-data'  itemprop=\"author\" itemscope=\"itemscope\" itemtype=\"https:\/\/schema.org\/Person\" ><span itemprop='name'>Cal Arderiu<\/span><\/span><span class='av-structured-data'  itemprop=\"datePublished\" datetime=\"2019-05-07T08:09:25+00:00\" >2019-05-20 10:55:21<\/span><span class='av-structured-data'  itemprop=\"dateModified\" itemtype=\"https:\/\/schema.org\/dateModified\" >2019-05-23 09:53:43<\/span><span class='av-structured-data'  itemprop=\"mainEntityOfPage\" itemtype=\"https:\/\/schema.org\/mainEntityOfPage\" ><span itemprop='name'>GRAN CAD\u00cd CHALLENGE<\/span><\/span><\/span><\/article><\/div><\/div><\/div>\n\n","protected":false},"excerpt":{"rendered":"","protected":false},"author":3,"featured_media":0,"parent":0,"menu_order":0,"comment_status":"closed","ping_status":"closed","template":"","meta":{"footnotes":""},"class_list":["post-553","page","type-page","status-publish","hentry"],"yoast_head":"<!-- This site is optimized with the Yoast SEO plugin v27.5 - https:\/\/yoast.com\/product\/yoast-seo-wordpress\/ -->\n<title>Nouvelles - Cal Arderiu Turisme Rural<\/title>\n<meta name=\"robots\" content=\"index, follow, max-snippet:-1, max-image-preview:large, max-video-preview:-1\" \/>\n<link rel=\"canonical\" href=\"https:\/\/www.calarderiu.com\/fr\/nouvelles\/\" \/>\n<meta property=\"og:locale\" content=\"fr_FR\" \/>\n<meta property=\"og:type\" content=\"article\" \/>\n<meta property=\"og:title\" content=\"Nouvelles - Cal Arderiu Turisme Rural\" \/>\n<meta property=\"og:url\" content=\"https:\/\/www.calarderiu.com\/fr\/nouvelles\/\" \/>\n<meta property=\"og:site_name\" content=\"Cal Arderiu Turisme Rural\" \/>\n<meta property=\"article:modified_time\" content=\"2019-05-08T12:09:24+00:00\" \/>\n<meta name=\"twitter:card\" content=\"summary_large_image\" \/>\n<meta name=\"twitter:label1\" content=\"Dur\u00e9e de lecture estim\u00e9e\" \/>\n\t<meta name=\"twitter:data1\" content=\"2 minutes\" \/>\n<script type=\"application\/ld+json\" class=\"yoast-schema-graph\">{\"@context\":\"https:\\\/\\\/schema.org\",\"@graph\":[{\"@type\":\"WebPage\",\"@id\":\"https:\\\/\\\/www.calarderiu.com\\\/fr\\\/nouvelles\\\/\",\"url\":\"https:\\\/\\\/www.calarderiu.com\\\/fr\\\/nouvelles\\\/\",\"name\":\"Nouvelles - Cal Arderiu Turisme Rural\",\"isPartOf\":{\"@id\":\"https:\\\/\\\/www.calarderiu.com\\\/#website\"},\"datePublished\":\"2019-05-07T08:09:25+00:00\",\"dateModified\":\"2019-05-08T12:09:24+00:00\",\"breadcrumb\":{\"@id\":\"https:\\\/\\\/www.calarderiu.com\\\/fr\\\/nouvelles\\\/#breadcrumb\"},\"inLanguage\":\"fr-FR\",\"potentialAction\":[{\"@type\":\"ReadAction\",\"target\":[\"https:\\\/\\\/www.calarderiu.com\\\/fr\\\/nouvelles\\\/\"]}]},{\"@type\":\"BreadcrumbList\",\"@id\":\"https:\\\/\\\/www.calarderiu.com\\\/fr\\\/nouvelles\\\/#breadcrumb\",\"itemListElement\":[{\"@type\":\"ListItem\",\"position\":1,\"name\":\"Inici\",\"item\":\"https:\\\/\\\/www.calarderiu.com\\\/fr\\\/\"},{\"@type\":\"ListItem\",\"position\":2,\"name\":\"Nouvelles\"}]},{\"@type\":\"WebSite\",\"@id\":\"https:\\\/\\\/www.calarderiu.com\\\/#website\",\"url\":\"https:\\\/\\\/www.calarderiu.com\\\/\",\"name\":\"Cal Arderiu Turisme Rural\",\"description\":\"Casa rural a Sant Juli\u00e0 de Cerdanyola (Bergued\u00e0)\",\"potentialAction\":[{\"@type\":\"SearchAction\",\"target\":{\"@type\":\"EntryPoint\",\"urlTemplate\":\"https:\\\/\\\/www.calarderiu.com\\\/?s={search_term_string}\"},\"query-input\":{\"@type\":\"PropertyValueSpecification\",\"valueRequired\":true,\"valueName\":\"search_term_string\"}}],\"inLanguage\":\"fr-FR\"}]}<\/script>\n<!-- \/ Yoast SEO plugin. -->","yoast_head_json":{"title":"Nouvelles - Cal Arderiu Turisme Rural","robots":{"index":"index","follow":"follow","max-snippet":"max-snippet:-1","max-image-preview":"max-image-preview:large","max-video-preview":"max-video-preview:-1"},"canonical":"https:\/\/www.calarderiu.com\/fr\/nouvelles\/","og_locale":"fr_FR","og_type":"article","og_title":"Nouvelles - Cal Arderiu Turisme Rural","og_url":"https:\/\/www.calarderiu.com\/fr\/nouvelles\/","og_site_name":"Cal Arderiu Turisme Rural","article_modified_time":"2019-05-08T12:09:24+00:00","twitter_card":"summary_large_image","twitter_misc":{"Dur\u00e9e de lecture estim\u00e9e":"2 minutes"},"schema":{"@context":"https:\/\/schema.org","@graph":[{"@type":"WebPage","@id":"https:\/\/www.calarderiu.com\/fr\/nouvelles\/","url":"https:\/\/www.calarderiu.com\/fr\/nouvelles\/","name":"Nouvelles - Cal Arderiu Turisme Rural","isPartOf":{"@id":"https:\/\/www.calarderiu.com\/#website"},"datePublished":"2019-05-07T08:09:25+00:00","dateModified":"2019-05-08T12:09:24+00:00","breadcrumb":{"@id":"https:\/\/www.calarderiu.com\/fr\/nouvelles\/#breadcrumb"},"inLanguage":"fr-FR","potentialAction":[{"@type":"ReadAction","target":["https:\/\/www.calarderiu.com\/fr\/nouvelles\/"]}]},{"@type":"BreadcrumbList","@id":"https:\/\/www.calarderiu.com\/fr\/nouvelles\/#breadcrumb","itemListElement":[{"@type":"ListItem","position":1,"name":"Inici","item":"https:\/\/www.calarderiu.com\/fr\/"},{"@type":"ListItem","position":2,"name":"Nouvelles"}]},{"@type":"WebSite","@id":"https:\/\/www.calarderiu.com\/#website","url":"https:\/\/www.calarderiu.com\/","name":"Cal Arderiu Turisme Rural","description":"Casa rural a Sant Juli\u00e0 de Cerdanyola (Bergued\u00e0)","potentialAction":[{"@type":"SearchAction","target":{"@type":"EntryPoint","urlTemplate":"https:\/\/www.calarderiu.com\/?s={search_term_string}"},"query-input":{"@type":"PropertyValueSpecification","valueRequired":true,"valueName":"search_term_string"}}],"inLanguage":"fr-FR"}]}},"_links":{"self":[{"href":"https:\/\/www.calarderiu.com\/fr\/wp-json\/wp\/v2\/pages\/553","targetHints":{"allow":["GET"]}}],"collection":[{"href":"https:\/\/www.calarderiu.com\/fr\/wp-json\/wp\/v2\/pages"}],"about":[{"href":"https:\/\/www.calarderiu.com\/fr\/wp-json\/wp\/v2\/types\/page"}],"author":[{"embeddable":true,"href":"https:\/\/www.calarderiu.com\/fr\/wp-json\/wp\/v2\/users\/3"}],"replies":[{"embeddable":true,"href":"https:\/\/www.calarderiu.com\/fr\/wp-json\/wp\/v2\/comments?post=553"}],"version-history":[{"count":5,"href":"https:\/\/www.calarderiu.com\/fr\/wp-json\/wp\/v2\/pages\/553\/revisions"}],"predecessor-version":[{"id":712,"href":"https:\/\/www.calarderiu.com\/fr\/wp-json\/wp\/v2\/pages\/553\/revisions\/712"}],"wp:attachment":[{"href":"https:\/\/www.calarderiu.com\/fr\/wp-json\/wp\/v2\/media?parent=553"}],"curies":[{"name":"wp","href":"https:\/\/api.w.org\/{rel}","templated":true}]}}